{"id":1845,"date":"2021-11-21T15:14:19","date_gmt":"2021-11-21T15:14:19","guid":{"rendered":"https:\/\/omniversos.com\/?page_id=1845"},"modified":"2023-10-18T04:33:56","modified_gmt":"2023-10-18T04:33:56","slug":"about","status":"publish","type":"page","link":"https:\/\/omniversos.com\/?page_id=1845","title":{"rendered":"About"},"content":{"rendered":"\t\t<div data-elementor-type=\"wp-page\" data-elementor-id=\"1845\" class=\"elementor elementor-1845\">\n\t\t\t\t\t\t\t\t\t<section class=\"elementor-section elementor-top-section elementor-element elementor-element-c8ddeb6 elementor-section-height-min-height elementor-section-boxed elementor-section-height-default elementor-section-items-middle\" data-id=\"c8ddeb6\" data-element_type=\"section\" data-settings=\"{&quot;background_background&quot;:&quot;classic&quot;}\">\n\t\t\t\t\t\t\t<div class=\"elementor-background-overlay\"><\/div>\n\t\t\t\t\t\t\t<div class=\"elementor-container elementor-column-gap-default\">\n\t\t\t\t\t<div class=\"elementor-column elementor-col-100 elementor-top-column elementor-element elementor-element-6a5337e\" data-id=\"6a5337e\" data-element_type=\"column\">\n\t\t\t<div class=\"elementor-widget-wrap elementor-element-populated\">\n\t\t\t\t\t\t\t\t<div class=\"elementor-element elementor-element-feefb6c elementor-widget elementor-widget-heading\" data-id=\"feefb6c\" data-element_type=\"widget\" data-widget_type=\"heading.default\">\n\t\t\t\t<div class=\"elementor-widget-container\">\n\t\t\t<style>\/*! elementor - v3.16.0 - 20-09-2023 *\/\n.elementor-heading-title{padding:0;margin:0;line-height:1}.elementor-widget-heading .elementor-heading-title[class*=elementor-size-]>a{color:inherit;font-size:inherit;line-height:inherit}.elementor-widget-heading .elementor-heading-title.elementor-size-small{font-size:15px}.elementor-widget-heading .elementor-heading-title.elementor-size-medium{font-size:19px}.elementor-widget-heading .elementor-heading-title.elementor-size-large{font-size:29px}.elementor-widget-heading .elementor-heading-title.elementor-size-xl{font-size:39px}.elementor-widget-heading .elementor-heading-title.elementor-size-xxl{font-size:59px}<\/style><h1 class=\"elementor-heading-title elementor-size-default\">Nosotros<\/h1>\t\t<\/div>\n\t\t\t\t<\/div>\n\t\t\t\t\t<\/div>\n\t\t<\/div>\n\t\t\t\t\t\t\t<\/div>\n\t\t<\/section>\n\t\t\t\t<section class=\"elementor-section elementor-top-section elementor-element elementor-element-034f786 elementor-section-boxed elementor-section-height-default elementor-section-height-default\" data-id=\"034f786\" data-element_type=\"section\">\n\t\t\t\t\t\t<div class=\"elementor-container elementor-column-gap-default\">\n\t\t\t\t\t<div class=\"elementor-column elementor-col-100 elementor-top-column elementor-element elementor-element-ba0c118\" data-id=\"ba0c118\" data-element_type=\"column\">\n\t\t\t<div class=\"elementor-widget-wrap elementor-element-populated\">\n\t\t\t\t\t\t\t\t<div class=\"elementor-element elementor-element-3dc998b elementor-widget elementor-widget-heading\" data-id=\"3dc998b\" data-element_type=\"widget\" data-widget_type=\"heading.default\">\n\t\t\t\t<div class=\"elementor-widget-container\">\n\t\t\t<h4 class=\"elementor-heading-title elementor-size-default\">\u00a1Bienvenidos a Omniversos, una editorial que te invita a explorar los infinitos mundos de la creatividad! En este vasto universo de ideas, nuestra misi\u00f3n es ser el puente que conecta a los talentosos creadores con los \u00e1vidos lectores, para llevarlos a trav\u00e9s de historias asombrosas, belleza l\u00edrica y descubrimientos fascinantes.<\/h4>\t\t<\/div>\n\t\t\t\t<\/div>\n\t\t\t\t<div class=\"elementor-element elementor-element-9fdb291 elementor-widget elementor-widget-image\" data-id=\"9fdb291\" data-element_type=\"widget\" data-widget_type=\"image.default\">\n\t\t\t\t<div class=\"elementor-widget-container\">\n\t\t\t<style>\/*! elementor - v3.16.0 - 20-09-2023 *\/\n.elementor-widget-image{text-align:center}.elementor-widget-image a{display:inline-block}.elementor-widget-image a img[src$=\".svg\"]{width:48px}.elementor-widget-image img{vertical-align:middle;display:inline-block}<\/style>\t\t\t\t\t\t\t\t\t\t\t\t<img decoding=\"async\" loading=\"lazy\" width=\"1280\" height=\"853\" src=\"https:\/\/omniversos.com\/wp-content\/uploads\/2023\/10\/startup-meeting-brainstorming-594090.jpg\" class=\"attachment-full size-full wp-image-1901\" alt=\"startup, meeting, brainstorming-594090.jpg\" srcset=\"https:\/\/omniversos.com\/wp-content\/uploads\/2023\/10\/startup-meeting-brainstorming-594090.jpg 1280w, https:\/\/omniversos.com\/wp-content\/uploads\/2023\/10\/startup-meeting-brainstorming-594090-300x200.jpg 300w, https:\/\/omniversos.com\/wp-content\/uploads\/2023\/10\/startup-meeting-brainstorming-594090-1024x682.jpg 1024w, https:\/\/omniversos.com\/wp-content\/uploads\/2023\/10\/startup-meeting-brainstorming-594090-768x512.jpg 768w\" sizes=\"(max-width: 1280px) 100vw, 1280px\" \/>\t\t\t\t\t\t\t\t\t\t\t\t\t\t\t<\/div>\n\t\t\t\t<\/div>\n\t\t\t\t<section class=\"elementor-section elementor-inner-section elementor-element elementor-element-d762106 elementor-section-boxed elementor-section-height-default elementor-section-height-default\" data-id=\"d762106\" data-element_type=\"section\">\n\t\t\t\t\t\t<div class=\"elementor-container elementor-column-gap-default\">\n\t\t\t\t\t<div class=\"elementor-column elementor-col-50 elementor-inner-column elementor-element elementor-element-08ec54c\" data-id=\"08ec54c\" data-element_type=\"column\">\n\t\t\t<div class=\"elementor-widget-wrap elementor-element-populated\">\n\t\t\t\t\t\t\t\t<div class=\"elementor-element elementor-element-8fa3d11 elementor-widget elementor-widget-text-editor\" data-id=\"8fa3d11\" data-element_type=\"widget\" data-widget_type=\"text-editor.default\">\n\t\t\t\t<div class=\"elementor-widget-container\">\n\t\t\t<style>\/*! elementor - v3.16.0 - 20-09-2023 *\/\n.elementor-widget-text-editor.elementor-drop-cap-view-stacked .elementor-drop-cap{background-color:#69727d;color:#fff}.elementor-widget-text-editor.elementor-drop-cap-view-framed .elementor-drop-cap{color:#69727d;border:3px solid;background-color:transparent}.elementor-widget-text-editor:not(.elementor-drop-cap-view-default) .elementor-drop-cap{margin-top:8px}.elementor-widget-text-editor:not(.elementor-drop-cap-view-default) .elementor-drop-cap-letter{width:1em;height:1em}.elementor-widget-text-editor .elementor-drop-cap{float:left;text-align:center;line-height:1;font-size:50px}.elementor-widget-text-editor .elementor-drop-cap-letter{display:inline-block}<\/style>\t\t\t\t<p>En Omniversos creemos en el poder de la imaginaci\u00f3n y en la capacidad de las palabras para transportarnos a lugares desconocidos, desafiar nuestra percepci\u00f3n del mundo y despertar emociones profundas. Nos apasiona nutrir la mente y el coraz\u00f3n de nuestros lectores con obras literarias que trascienden los l\u00edmites de la realidad, ofreciendo nuevas dimensiones de conocimiento y entretenimiento.<\/p>\n<p>En nuestra editorial, nos apasiona descubrir y compartir las voces m\u00e1s aut\u00e9nticas y conmovedoras de los escritores de todas las \u00e9pocas y de todos los rincones del mundo. Nos enorgullece ser testigos del poder transformador de las palabras, capaces de expresar lo inefable y transmitir la profundidad de las emociones humanas.<\/p>\n<p>Cada una de nuestras publicaciones es un viaje, un encuentro con la sensibilidad y la creatividad de aquellos que han encontrado en la creaci\u00f3n literaria una forma de hacer visible lo invisible.<\/p>\t\t\t\t\t\t<\/div>\n\t\t\t\t<\/div>\n\t\t\t\t\t<\/div>\n\t\t<\/div>\n\t\t\t\t<div class=\"elementor-column elementor-col-50 elementor-inner-column elementor-element elementor-element-d30d7a1\" data-id=\"d30d7a1\" data-element_type=\"column\">\n\t\t\t<div class=\"elementor-widget-wrap elementor-element-populated\">\n\t\t\t\t\t\t\t\t<div class=\"elementor-element elementor-element-3a99000 elementor-widget elementor-widget-text-editor\" data-id=\"3a99000\" data-element_type=\"widget\" data-widget_type=\"text-editor.default\">\n\t\t\t\t<div class=\"elementor-widget-container\">\n\t\t\t\t\t\t\t<p>Nos esforzamos por ser un faro para los escritores emergentes, brind\u00e1ndoles gu\u00eda y una plataforma para compartir su voz con el mundo y conectarse con aquellos que anhelan ser transportados por las palabras. Tambi\u00e9n honramos a los grandes escritores, asegur\u00e1ndonos de que sus obras perduren y sean apreciadas por generaciones venideras.<\/p>\n<p>As\u00ed que, si eres amante de la creaci\u00f3n y de la lectura, te invitamos a sumergirte en nuestro universo literario, donde cada obra es una joya que espera ser descubierta.<\/p>\n<p>Nuestro compromiso es buscar la excelencia en cada publicaci\u00f3n. Te invitamos a unirte a nosotros en este viaje a trav\u00e9s de los omniversos de la creaci\u00f3n, donde cada p\u00e1gina te llevar\u00e1 a nuevos horizontes y te sumergir\u00e1 en mundos inexplorados. Prep\u00e1rate para dejarte llevar por la magia de las palabras y descubrir un sinf\u00edn de posibilidades creativas en cada obra que encuentres en nuestras p\u00e1ginas.<\/p>\t\t\t\t\t\t<\/div>\n\t\t\t\t<\/div>\n\t\t\t\t\t<\/div>\n\t\t<\/div>\n\t\t\t\t\t\t\t<\/div>\n\t\t<\/section>\n\t\t\t\t\t<\/div>\n\t\t<\/div>\n\t\t\t\t\t\t\t<\/div>\n\t\t<\/section>\n\t\t\t\t<section class=\"elementor-section elementor-top-section elementor-element elementor-element-e889fc3 elementor-section-boxed elementor-section-height-default elementor-section-height-default\" data-id=\"e889fc3\" data-element_type=\"section\" data-settings=\"{&quot;background_background&quot;:&quot;classic&quot;}\">\n\t\t\t\t\t\t<div class=\"elementor-container elementor-column-gap-default\">\n\t\t\t\t\t<div class=\"elementor-column elementor-col-33 elementor-top-column elementor-element elementor-element-3c8f4a8\" data-id=\"3c8f4a8\" data-element_type=\"column\">\n\t\t\t<div class=\"elementor-widget-wrap\">\n\t\t\t\t\t\t\t\t\t<\/div>\n\t\t<\/div>\n\t\t\t\t<div class=\"elementor-column elementor-col-33 elementor-top-column elementor-element elementor-element-ebb2ba7\" data-id=\"ebb2ba7\" data-element_type=\"column\">\n\t\t\t<div class=\"elementor-widget-wrap elementor-element-populated\">\n\t\t\t\t\t\t\t\t<div class=\"elementor-element elementor-element-14b6458 elementor-widget elementor-widget-image\" data-id=\"14b6458\" data-element_type=\"widget\" data-widget_type=\"image.default\">\n\t\t\t\t<div class=\"elementor-widget-container\">\n\t\t\t\t\t\t\t\t\t\t\t\t\t\t\t<img decoding=\"async\" src=\"https:\/\/omniversos.com\/wp-content\/uploads\/2021\/11\/quotes.svg\" class=\"attachment-full size-full wp-image-117\" alt=\"\" \/>\t\t\t\t\t\t\t\t\t\t\t\t\t\t\t<\/div>\n\t\t\t\t<\/div>\n\t\t\t\t<div class=\"elementor-element elementor-element-beb0353 elementor-widget elementor-widget-heading\" data-id=\"beb0353\" data-element_type=\"widget\" data-widget_type=\"heading.default\">\n\t\t\t\t<div class=\"elementor-widget-container\">\n\t\t\t<h4 class=\"elementor-heading-title elementor-size-default\">\u00a1Bienvenidos a Omniversos, donde los l\u00edmites no existen y la creatividad de las letras se expande m\u00e1s all\u00e1 de la imaginaci\u00f3n en cada omniverso!<\/h4>\t\t<\/div>\n\t\t\t\t<\/div>\n\t\t\t\t<div class=\"elementor-element elementor-element-4e74ae5 elementor-widget elementor-widget-image\" data-id=\"4e74ae5\" data-element_type=\"widget\" data-widget_type=\"image.default\">\n\t\t\t\t<div class=\"elementor-widget-container\">\n\t\t\t\t\t\t\t\t\t\t\t\t\t\t\t<img decoding=\"async\" loading=\"lazy\" width=\"2402\" height=\"1554\" src=\"https:\/\/omniversos.com\/wp-content\/uploads\/2023\/10\/LOGO-OMNIVERSOS-250x162.png\" class=\"attachment-full size-full wp-image-21\" alt=\"\" srcset=\"https:\/\/omniversos.com\/wp-content\/uploads\/2023\/10\/LOGO-OMNIVERSOS.png 2402w, https:\/\/omniversos.com\/wp-content\/uploads\/2023\/10\/LOGO-OMNIVERSOS-300x194.png 300w, https:\/\/omniversos.com\/wp-content\/uploads\/2023\/10\/LOGO-OMNIVERSOS-1024x662.png 1024w, https:\/\/omniversos.com\/wp-content\/uploads\/2023\/10\/LOGO-OMNIVERSOS-768x497.png 768w, https:\/\/omniversos.com\/wp-content\/uploads\/2023\/10\/LOGO-OMNIVERSOS-1536x994.png 1536w, https:\/\/omniversos.com\/wp-content\/uploads\/2023\/10\/LOGO-OMNIVERSOS-2048x1325.png 2048w, https:\/\/omniversos.com\/wp-content\/uploads\/2023\/10\/LOGO-OMNIVERSOS-250x162.png 250w\" sizes=\"(max-width: 2402px) 100vw, 2402px\" \/>\t\t\t\t\t\t\t\t\t\t\t\t\t\t\t<\/div>\n\t\t\t\t<\/div>\n\t\t\t\t<div class=\"elementor-element elementor-element-ec91cfa elementor-widget elementor-widget-text-editor\" data-id=\"ec91cfa\" data-element_type=\"widget\" data-widget_type=\"text-editor.default\">\n\t\t\t\t<div class=\"elementor-widget-container\">\n\t\t\t\t\t\t\t\t\t\t\t\t\t<\/div>\n\t\t\t\t<\/div>\n\t\t\t\t\t<\/div>\n\t\t<\/div>\n\t\t\t\t<div class=\"elementor-column elementor-col-33 elementor-top-column elementor-element elementor-element-9e16007\" data-id=\"9e16007\" data-element_type=\"column\">\n\t\t\t<div class=\"elementor-widget-wrap\">\n\t\t\t\t\t\t\t\t\t<\/div>\n\t\t<\/div>\n\t\t\t\t\t\t\t<\/div>\n\t\t<\/section>\n\t\t\t\t\t\t\t<\/div>\n\t\t","protected":false},"excerpt":{"rendered":"<p>Nosotros \u00a1Bienvenidos a Omniversos, una editorial que te invita a explorar los infinitos mundos de la creatividad! En este vasto universo de ideas, nuestra misi\u00f3n es ser el puente que conecta a los talentosos creadores con los \u00e1vidos lectores, para llevarlos a trav\u00e9s de historias asombrosas, belleza l\u00edrica y descubrimientos fascinantes. En Omniversos creemos en &hellip;<\/p>\n<p class=\"read-more\"> <a class=\"\" href=\"https:\/\/omniversos.com\/?page_id=1845\"> <span class=\"screen-reader-text\">About<\/span> Leer m\u00e1s &raquo;<\/a><\/p>\n","protected":false},"author":1,"featured_media":0,"parent":0,"menu_order":0,"comment_status":"closed","ping_status":"closed","template":"","meta":{"_uag_custom_page_level_css":"","_monsterinsights_skip_tracking":false,"_monsterinsights_sitenote_active":false,"_monsterinsights_sitenote_note":"","_monsterinsights_sitenote_category":0,"site-sidebar-layout":"no-sidebar","site-content-layout":"page-builder","ast-site-content-layout":"full-width-container","site-content-style":"unboxed","site-sidebar-style":"unboxed","ast-global-header-display":"","ast-banner-title-visibility":"","ast-main-header-display":"","ast-hfb-above-header-display":"","ast-hfb-below-header-display":"","ast-hfb-mobile-header-display":"","site-post-title":"disabled","ast-breadcrumbs-content":"","ast-featured-img":"disabled","footer-sml-layout":"","theme-transparent-header-meta":"enabled","adv-header-id-meta":"","stick-header-meta":"","header-above-stick-meta":"","header-main-stick-meta":"","header-below-stick-meta":"","astra-migrate-meta-layouts":"set","footnotes":""},"uagb_featured_image_src":{"full":false,"thumbnail":false,"medium":false,"medium_large":false,"large":false,"1536x1536":false,"2048x2048":false},"uagb_author_info":{"display_name":"omniversos.com","author_link":"https:\/\/omniversos.com\/?author=1"},"uagb_comment_info":0,"uagb_excerpt":"Nosotros \u00a1Bienvenidos a Omniversos, una editorial que te invita a explorar los infinitos mundos de la creatividad! En este vasto universo de ideas, nuestra misi\u00f3n es ser el puente que conecta a los talentosos creadores con los \u00e1vidos lectores, para llevarlos a trav\u00e9s de historias asombrosas, belleza l\u00edrica y descubrimientos fascinantes. En Omniversos creemos en&hellip;","_links":{"self":[{"href":"https:\/\/omniversos.com\/index.php?rest_route=\/wp\/v2\/pages\/1845"}],"collection":[{"href":"https:\/\/omniversos.com\/index.php?rest_route=\/wp\/v2\/pages"}],"about":[{"href":"https:\/\/omniversos.com\/index.php?rest_route=\/wp\/v2\/types\/page"}],"author":[{"embeddable":true,"href":"https:\/\/omniversos.com\/index.php?rest_route=\/wp\/v2\/users\/1"}],"replies":[{"embeddable":true,"href":"https:\/\/omniversos.com\/index.php?rest_route=%2Fwp%2Fv2%2Fcomments&post=1845"}],"version-history":[{"count":17,"href":"https:\/\/omniversos.com\/index.php?rest_route=\/wp\/v2\/pages\/1845\/revisions"}],"predecessor-version":[{"id":2131,"href":"https:\/\/omniversos.com\/index.php?rest_route=\/wp\/v2\/pages\/1845\/revisions\/2131"}],"wp:attachment":[{"href":"https:\/\/omniversos.com\/index.php?rest_route=%2Fwp%2Fv2%2Fmedia&parent=1845"}],"curies":[{"name":"wp","href":"https:\/\/api.w.org\/{rel}","templated":true}]}}